{"id":16742,"date":"2020-10-13T19:01:28","date_gmt":"2020-10-13T19:01:28","guid":{"rendered":"https:\/\/hoteloxelosund.se\/our-rooms\/"},"modified":"2024-12-30T13:38:02","modified_gmt":"2024-12-30T13:38:02","slug":"our-rooms","status":"publish","type":"page","link":"https:\/\/hoteloxelosund.se\/sv\/our-rooms\/","title":{"rendered":"V\u00e5ra rum"},"content":{"rendered":"<p>[spb_row element_name=&#8221;Row&#8221; wrap_type=&#8221;content-width&#8221; parallax_image_height=&#8221;content-height&#8221; parallax_image_movement=&#8221;fixed&#8221; parallax_image_speed=&#8221;0.5&#8243; bg_video_loop=&#8221;yes&#8221; parallax_video_height=&#8221;window-height&#8221; parallax_video_overlay=&#8221;none&#8221; row_overlay_opacity=&#8221;0&#8243; row_col_pos=&#8221;default&#8221; minimize_row=&#8221;no&#8221; width=&#8221;1\/1&#8243; el_position=&#8221;first last&#8221;] [spb_column col_animation=&#8221;none&#8221; col_animation_delay=&#8221;0&#8243; col_bg_color=&#8221;#ffffff&#8221; col_bg_type=&#8221;cover&#8221; col_parallax_image_movement=&#8221;fixed&#8221; col_parallax_image_speed=&#8221;0.5&#8243; col_padding=&#8221;0&#8243; col_vertical_offset=&#8221;0&#8243; col_horizontal_offset=&#8221;0&#8243; col_custom_zindex=&#8221;0&#8243; col_sm=&#8221;4&#8243; simplified_controls=&#8221;yes&#8221; custom_css_percentage=&#8221;no&#8221; padding_vertical=&#8221;20&#8243; padding_horizontal=&#8221;20&#8243; margin_vertical=&#8221;0&#8243; custom_css=&#8221;margin-top: 0px;margin-bottom: 0px;padding-top: 20px;padding-left: 20px;padding-right: 20px;padding-bottom: 20px;&#8221; border_styling_global=&#8221;inset&#8221; width=&#8221;1\/3&#8243; el_position=&#8221;first&#8221;] [spb_image image=&#8221;16540&#8243; image_size=&#8221;full&#8221; frame=&#8221;noframe&#8221; caption_pos=&#8221;hover&#8221; remove_rounded=&#8221;yes&#8221; fullwidth=&#8221;no&#8221; overflow_mode=&#8221;none&#8221; link_target=&#8221;_self&#8221; lightbox=&#8221;no&#8221; intro_animation=&#8221;none&#8221; animation_delay=&#8221;200&#8243; width=&#8221;1\/1&#8243; el_position=&#8221;first last&#8221;][\/spb_image] [spb_text_block animation=&#8221;none&#8221; animation_delay=&#8221;0&#8243; simplified_controls=&#8221;yes&#8221; custom_css_percentage=&#8221;no&#8221; padding_vertical=&#8221;0&#8243; padding_horizontal=&#8221;0&#8243; margin_vertical=&#8221;0&#8243; custom_css=&#8221;margin-top: 0px;margin-bottom: 0px;&#8221; border_size=&#8221;0&#8243; border_styling_global=&#8221;default&#8221; width=&#8221;1\/1&#8243; el_position=&#8221;first last&#8221;]<\/p>\n\n<table id=\"tablepress-30\" class=\"tablepress tablepress-id-30\">\n<tbody class=\"row-striping row-hover\">\n<tr class=\"row-1\">\n\t<td class=\"column-1\">Standardfamilj <\/td><td class=\"column-2\">Familjerum med balkong<\/td>\n<\/tr>\n<tr class=\"row-2\">\n\t<td class=\"column-1\">Antal rum<\/td><td class=\"column-2\">3<\/td>\n<\/tr>\n<tr class=\"row-3\">\n\t<td class=\"column-1\">S\u00e4ngtyp<\/td><td class=\"column-2\">2 enkels\u00e4ngar<\/td>\n<\/tr>\n<tr class=\"row-4\">\n\t<td class=\"column-1\">Antal s\u00e4ngar<\/td><td class=\"column-2\">4<\/td>\n<\/tr>\n<tr class=\"row-5\">\n\t<td class=\"column-1\">Max antal g\u00e4ster<\/td><td class=\"column-2\">4<\/td>\n<\/tr>\n<tr class=\"row-6\">\n\t<td class=\"column-1\">Max antal vuxna<\/td><td class=\"column-2\">4<\/td>\n<\/tr>\n<tr class=\"row-7\">\n\t<td class=\"column-1\">Max antal barn<\/td><td class=\"column-2\">3<\/td>\n<\/tr>\n<\/tbody>\n<\/table>\n\n<p>V\u00e5ra familjerum med balkong erbjuder en privat, m\u00f6blerad balkong och utsikt \u00f6ver staden. Rummen \u00e4r 25 m2 stora och rymmer upp till fyra personer. De \u00e4r m\u00f6blerade med tv\u00e5 90 cm s\u00e4ngar och en bred b\u00e4ddsoffa, och utrustade med m\u00f6rkl\u00e4ggningsgardiner, uppv\u00e4rmning &amp; portabel fl\u00e4kt, garderob, tr\u00e4golv samt en 43&#8243; Smart-TV. Badrummen \u00e4r kaklade och har dusch, gratis toalettartiklar och h\u00e5rf\u00f6n. Alla v\u00e5ra rum erbjuder gratis WiFi.<\/p>\n<p>[\/spb_text_block] [spb_button button_text=&#8221;Boka detta rum&#8221; button_size=&#8221;standard&#8221; button_colour=&#8221;accent&#8221; button_type=&#8221;standard&#8221; rounded=&#8221;no&#8221; button_dropshadow=&#8221;yes&#8221; button_link=&#8221;https:\/\/direct-book.com\/properties\/OxelosundHotelDIRECT1&#8243; button_target=&#8221;_blank&#8221; align=&#8221;center&#8221; animation=&#8221;none&#8221; animation_delay=&#8221;0&#8243; width=&#8221;1\/1&#8243; el_position=&#8221;first last&#8221;] [\/spb_column] [spb_column col_animation=&#8221;none&#8221; col_animation_delay=&#8221;0&#8243; col_bg_color=&#8221;#ffffff&#8221; col_bg_type=&#8221;cover&#8221; col_parallax_image_movement=&#8221;fixed&#8221; col_parallax_image_speed=&#8221;0.5&#8243; col_padding=&#8221;0&#8243; col_vertical_offset=&#8221;0&#8243; col_horizontal_offset=&#8221;0&#8243; col_custom_zindex=&#8221;0&#8243; col_sm=&#8221;4&#8243; simplified_controls=&#8221;yes&#8221; custom_css_percentage=&#8221;no&#8221; padding_vertical=&#8221;20&#8243; padding_horizontal=&#8221;20&#8243; margin_vertical=&#8221;0&#8243; custom_css=&#8221;margin-top: 0px;margin-bottom: 0px;padding-top: 20px;padding-left: 20px;padding-right: 20px;padding-bottom: 20px;&#8221; border_styling_global=&#8221;default&#8221; width=&#8221;1\/3&#8243;] [spb_image image=&#8221;16537&#8243; image_size=&#8221;full&#8221; frame=&#8221;noframe&#8221; caption_pos=&#8221;hover&#8221; remove_rounded=&#8221;yes&#8221; fullwidth=&#8221;no&#8221; overflow_mode=&#8221;none&#8221; link_target=&#8221;_self&#8221; lightbox=&#8221;no&#8221; intro_animation=&#8221;none&#8221; animation_delay=&#8221;200&#8243; width=&#8221;1\/1&#8243; el_position=&#8221;first last&#8221;][\/spb_image] [spb_text_block animation=&#8221;none&#8221; animation_delay=&#8221;0&#8243; simplified_controls=&#8221;yes&#8221; custom_css_percentage=&#8221;no&#8221; padding_vertical=&#8221;0&#8243; padding_horizontal=&#8221;0&#8243; margin_vertical=&#8221;0&#8243; custom_css=&#8221;margin-top: 0px;margin-bottom: 0px;&#8221; border_size=&#8221;0&#8243; border_styling_global=&#8221;default&#8221; width=&#8221;1\/1&#8243; el_position=&#8221;first last&#8221;]<\/p>\n\n<table id=\"tablepress-11\" class=\"tablepress tablepress-id-11\">\n<tbody class=\"row-striping row-hover\">\n<tr class=\"row-1\">\n\t<td class=\"column-1\">Standard<\/td><td class=\"column-2\">Queeen<\/td>\n<\/tr>\n<tr class=\"row-2\">\n\t<td class=\"column-1\"># of Rooms<\/td><td class=\"column-2\">4<\/td>\n<\/tr>\n<tr class=\"row-3\">\n\t<td class=\"column-1\">Bed Type<\/td><td class=\"column-2\">Queen size bed<\/td>\n<\/tr>\n<tr class=\"row-4\">\n\t<td class=\"column-1\"># of Beds<\/td><td class=\"column-2\">2<\/td>\n<\/tr>\n<tr class=\"row-5\">\n\t<td class=\"column-1\">Total Occupancy<\/td><td class=\"column-2\">2<\/td>\n<\/tr>\n<tr class=\"row-6\">\n\t<td class=\"column-1\">Adult Occupancy<\/td><td class=\"column-2\">2<\/td>\n<\/tr>\n<tr class=\"row-7\">\n\t<td class=\"column-1\">Children Occupancy<\/td><td class=\"column-2\">1<\/td>\n<\/tr>\n<\/tbody>\n<\/table>\n\n<p>V\u00e5ra Standard Queen-rum \u00e4r 16 m2 stora och har en queensize-s\u00e4ng och en sittgrupp. Rummen \u00e4r utrustade med m\u00f6rkl\u00e4ggningsgardiner, v\u00e4rme, b\u00e4rbar fl\u00e4kt, garderob, tr\u00e4golv och en 43\u201d Smart-TV. Badrummen \u00e4r kaklade och har dusch, gratis toalettartiklar och h\u00e5rtork. Alla v\u00e5ra rum erbjuder gratis WiFi.<\/p>\n<p>[\/spb_text_block] [spb_button button_text=&#8221;Boka detta rum&#8221; button_size=&#8221;standard&#8221; button_colour=&#8221;accent&#8221; button_type=&#8221;standard&#8221; rounded=&#8221;no&#8221; button_dropshadow=&#8221;yes&#8221; button_link=&#8221;https:\/\/direct-book.com\/properties\/OxelosundHotelDIRECT1&#8243; button_target=&#8221;_blank&#8221; align=&#8221;center&#8221; animation=&#8221;none&#8221; animation_delay=&#8221;0&#8243; width=&#8221;1\/1&#8243; el_position=&#8221;first last&#8221;] [\/spb_column] [spb_column col_animation=&#8221;none&#8221; col_animation_delay=&#8221;0&#8243; col_bg_color=&#8221;#ffffff&#8221; col_bg_type=&#8221;cover&#8221; col_parallax_image_movement=&#8221;fixed&#8221; col_parallax_image_speed=&#8221;0.5&#8243; col_padding=&#8221;0&#8243; col_vertical_offset=&#8221;0&#8243; col_horizontal_offset=&#8221;0&#8243; col_custom_zindex=&#8221;0&#8243; col_sm=&#8221;4&#8243; simplified_controls=&#8221;yes&#8221; custom_css_percentage=&#8221;no&#8221; padding_vertical=&#8221;20&#8243; padding_horizontal=&#8221;20&#8243; margin_vertical=&#8221;0&#8243; custom_css=&#8221;margin-top: 0px;margin-bottom: 0px;padding-top: 20px;padding-left: 20px;padding-right: 20px;padding-bottom: 20px;&#8221; border_styling_global=&#8221;default&#8221; width=&#8221;1\/3&#8243; el_position=&#8221;last&#8221;] [spb_image image=&#8221;16545&#8243; image_size=&#8221;full&#8221; frame=&#8221;noframe&#8221; caption_pos=&#8221;hover&#8221; remove_rounded=&#8221;yes&#8221; fullwidth=&#8221;no&#8221; overflow_mode=&#8221;none&#8221; link_target=&#8221;_self&#8221; lightbox=&#8221;no&#8221; intro_animation=&#8221;none&#8221; animation_delay=&#8221;200&#8243; width=&#8221;1\/1&#8243; el_position=&#8221;first last&#8221;][\/spb_image] [spb_text_block animation=&#8221;none&#8221; animation_delay=&#8221;0&#8243; simplified_controls=&#8221;yes&#8221; custom_css_percentage=&#8221;no&#8221; padding_vertical=&#8221;0&#8243; padding_horizontal=&#8221;0&#8243; margin_vertical=&#8221;0&#8243; custom_css=&#8221;margin-top: 0px;margin-bottom: 0px;&#8221; border_size=&#8221;0&#8243; border_styling_global=&#8221;default&#8221; width=&#8221;1\/1&#8243; el_position=&#8221;first last&#8221;]<\/p>\n\n<table id=\"tablepress-12\" class=\"tablepress tablepress-id-12\">\n<tbody class=\"row-striping row-hover\">\n<tr class=\"row-1\">\n\t<td class=\"column-1\">Standard <\/td><td class=\"column-2\">Twin<\/td>\n<\/tr>\n<tr class=\"row-2\">\n\t<td class=\"column-1\"># of Rooms<\/td><td class=\"column-2\">14<\/td>\n<\/tr>\n<tr class=\"row-3\">\n\t<td class=\"column-1\">Bed Type<\/td><td class=\"column-2\">Twin<\/td>\n<\/tr>\n<tr class=\"row-4\">\n\t<td class=\"column-1\"># of Beds<\/td><td class=\"column-2\">2<\/td>\n<\/tr>\n<tr class=\"row-5\">\n\t<td class=\"column-1\">Total Occupancy<\/td><td class=\"column-2\">2<\/td>\n<\/tr>\n<tr class=\"row-6\">\n\t<td class=\"column-1\">Adult Occupancy<\/td><td class=\"column-2\">2<\/td>\n<\/tr>\n<tr class=\"row-7\">\n\t<td class=\"column-1\">Children Occupancy<\/td><td class=\"column-2\">1<\/td>\n<\/tr>\n<\/tbody>\n<\/table>\n\n<p>V\u00e5ra Standard Twin Rooms \u00e4r 20 m2 stora och inredda med tv\u00e5 90 cm stora enkels\u00e4ngar. Rummen \u00e4r utrustade med m\u00f6rkl\u00e4ggningsgardiner, v\u00e4rme, b\u00e4rbar fl\u00e4kt, garderob, tr\u00e4golv och en 43\u201d Smart-TV. Badrummen \u00e4r kaklade och har dusch, gratis toalettartiklar och h\u00e5rtork. Alla v\u00e5ra rum erbjuder gratis WiFi.<\/p>\n<p>[\/spb_text_block] [spb_button button_text=&#8221;Boka detta rum&#8221; button_size=&#8221;standard&#8221; button_colour=&#8221;accent&#8221; button_type=&#8221;standard&#8221; rounded=&#8221;no&#8221; button_dropshadow=&#8221;yes&#8221; button_link=&#8221;https:\/\/direct-book.com\/properties\/OxelosundHotelDIRECT1&#8243; button_target=&#8221;_blank&#8221; align=&#8221;center&#8221; animation=&#8221;none&#8221; animation_delay=&#8221;0&#8243; width=&#8221;1\/1&#8243; el_position=&#8221;first last&#8221;] [\/spb_column] [\/spb_row] [spb_row element_name=&#8221;Row&#8221; wrap_type=&#8221;standard-width&#8221; row_bg_type=&#8221;color&#8221; color_row_height=&#8221;content-height&#8221; bg_type=&#8221;cover&#8221; parallax_image_height=&#8221;content-height&#8221; parallax_image_movement=&#8221;fixed&#8221; parallax_image_speed=&#8221;standard&#8221; bg_video_loop=&#8221;yes&#8221; parallax_video_height=&#8221;window-height&#8221; row_top_style=&#8221;none&#8221; row_bottom_style=&#8221;none&#8221; parallax_video_overlay=&#8221;none&#8221; row_overlay_opacity=&#8221;0&#8243; remove_element_spacing=&#8221;no&#8221; row_col_spacing=&#8221;0&#8243; row_col_pos=&#8221;default&#8221; row_col_equal_heights=&#8221;no&#8221; row_expanding=&#8221;no&#8221; row_animation=&#8221;none&#8221; row_animation_delay=&#8221;0&#8243; minimize_row=&#8221;no&#8221; simplified_controls=&#8221;yes&#8221; custom_css_percentage=&#8221;no&#8221; custom_css=&#8221;margin-top: 33px;margin-bottom: 33px;&#8221; border_styling_global=&#8221;default&#8221; width=&#8221;1\/1&#8243; el_position=&#8221;first last&#8221;] [spb_column col_animation=&#8221;none&#8221; col_animation_delay=&#8221;0&#8243; col_bg_color=&#8221;#ffffff&#8221; col_bg_type=&#8221;cover&#8221; col_parallax_image_movement=&#8221;fixed&#8221; col_parallax_image_speed=&#8221;0.5&#8243; col_padding=&#8221;0&#8243; col_vertical_offset=&#8221;0&#8243; col_horizontal_offset=&#8221;0&#8243; col_custom_zindex=&#8221;0&#8243; col_sm=&#8221;4&#8243; simplified_controls=&#8221;yes&#8221; custom_css_percentage=&#8221;no&#8221; padding_vertical=&#8221;20&#8243; padding_horizontal=&#8221;20&#8243; margin_vertical=&#8221;0&#8243; custom_css=&#8221;margin-top: 0px;margin-bottom: 0px;padding-top: 20px;padding-left: 20px;padding-right: 20px;padding-bottom: 20px;&#8221; border_styling_global=&#8221;default&#8221; width=&#8221;1\/3&#8243; el_position=&#8221;first&#8221;] [spb_image image=&#8221;16455&#8243; image_size=&#8221;full&#8221; frame=&#8221;noframe&#8221; caption_pos=&#8221;hover&#8221; remove_rounded=&#8221;yes&#8221; fullwidth=&#8221;no&#8221; overflow_mode=&#8221;none&#8221; link_target=&#8221;_self&#8221; lightbox=&#8221;no&#8221; intro_animation=&#8221;none&#8221; animation_delay=&#8221;200&#8243; width=&#8221;1\/1&#8243; el_position=&#8221;first last&#8221;][\/spb_image] [spb_text_block animation=&#8221;none&#8221; animation_delay=&#8221;0&#8243; simplified_controls=&#8221;yes&#8221; custom_css_percentage=&#8221;no&#8221; padding_vertical=&#8221;0&#8243; padding_horizontal=&#8221;0&#8243; margin_vertical=&#8221;0&#8243; custom_css=&#8221;margin-top: 0px;margin-bottom: 0px;&#8221; border_size=&#8221;0&#8243; border_styling_global=&#8221;default&#8221; width=&#8221;1\/1&#8243; el_position=&#8221;first last&#8221;]<\/p>\n\n<table id=\"tablepress-13\" class=\"tablepress tablepress-id-13\">\n<tbody class=\"row-striping row-hover\">\n<tr class=\"row-1\">\n\t<td class=\"column-1\">Standard<\/td><td class=\"column-2\">Family<\/td>\n<\/tr>\n<tr class=\"row-2\">\n\t<td class=\"column-1\"># of Rooms<\/td><td class=\"column-2\">3<\/td>\n<\/tr>\n<tr class=\"row-3\">\n\t<td class=\"column-1\">Bed Type<\/td><td class=\"column-2\">Twin<\/td>\n<\/tr>\n<tr class=\"row-4\">\n\t<td class=\"column-1\"># of Beds<\/td><td class=\"column-2\">4<\/td>\n<\/tr>\n<tr class=\"row-5\">\n\t<td class=\"column-1\">Total Occupancy<\/td><td class=\"column-2\">4<\/td>\n<\/tr>\n<tr class=\"row-6\">\n\t<td class=\"column-1\">Adult Occupancy<\/td><td class=\"column-2\">4<\/td>\n<\/tr>\n<tr class=\"row-7\">\n\t<td class=\"column-1\">Children Occupancy<\/td><td class=\"column-2\">3<\/td>\n<\/tr>\n<\/tbody>\n<\/table>\n\n<p>V\u00e5ra Standard Family Rooms \u00e4r 25 m2 stora och rymmer upp till fyra personer. Rummen \u00e4r inredda med tv\u00e5 90 cm enkels\u00e4ngar och en b\u00e4ddsoffa f\u00f6r tv\u00e5 personer, och de \u00e4r utrustade med m\u00f6rkl\u00e4ggningsgardiner, v\u00e4rme, b\u00e4rbar fl\u00e4kt, garderob, tr\u00e4golv och en 43\u201d Smart-TV. Badrummen \u00e4r kaklade och har dusch, gratis toalettartiklar och h\u00e5rtork. Alla v\u00e5ra rum erbjuder gratis WiFi.<\/p>\n<p>[\/spb_text_block] [spb_button button_text=&#8221;Boka detta rum&#8221; button_size=&#8221;standard&#8221; button_colour=&#8221;accent&#8221; button_type=&#8221;standard&#8221; rounded=&#8221;no&#8221; button_dropshadow=&#8221;yes&#8221; button_link=&#8221;https:\/\/direct-book.com\/properties\/OxelosundHotelDIRECT1&#8243; button_target=&#8221;_blank&#8221; align=&#8221;center&#8221; animation=&#8221;none&#8221; animation_delay=&#8221;0&#8243; width=&#8221;1\/1&#8243; el_position=&#8221;first last&#8221;] [\/spb_column] [spb_column col_animation=&#8221;none&#8221; col_animation_delay=&#8221;0&#8243; col_bg_color=&#8221;#ffffff&#8221; col_bg_type=&#8221;cover&#8221; col_parallax_image_movement=&#8221;fixed&#8221; col_parallax_image_speed=&#8221;0.5&#8243; col_padding=&#8221;0&#8243; col_vertical_offset=&#8221;0&#8243; col_horizontal_offset=&#8221;0&#8243; col_custom_zindex=&#8221;0&#8243; col_sm=&#8221;4&#8243; simplified_controls=&#8221;yes&#8221; custom_css_percentage=&#8221;no&#8221; padding_vertical=&#8221;20&#8243; padding_horizontal=&#8221;20&#8243; margin_vertical=&#8221;0&#8243; custom_css=&#8221;margin-top: 0px;margin-bottom: 0px;padding-top: 20px;padding-left: 20px;padding-right: 20px;padding-bottom: 20px;&#8221; border_styling_global=&#8221;default&#8221; width=&#8221;1\/3&#8243;] [spb_image image=&#8221;16536&#8243; image_size=&#8221;full&#8221; frame=&#8221;noframe&#8221; caption_pos=&#8221;hover&#8221; remove_rounded=&#8221;yes&#8221; fullwidth=&#8221;no&#8221; overflow_mode=&#8221;none&#8221; link_target=&#8221;_self&#8221; lightbox=&#8221;no&#8221; intro_animation=&#8221;none&#8221; animation_delay=&#8221;200&#8243; width=&#8221;1\/1&#8243; el_position=&#8221;first last&#8221;][\/spb_image] [spb_text_block animation=&#8221;none&#8221; animation_delay=&#8221;0&#8243; simplified_controls=&#8221;yes&#8221; custom_css_percentage=&#8221;no&#8221; padding_vertical=&#8221;0&#8243; padding_horizontal=&#8221;0&#8243; margin_vertical=&#8221;0&#8243; custom_css=&#8221;margin-top: 0px;margin-bottom: 0px;&#8221; border_size=&#8221;0&#8243; border_styling_global=&#8221;default&#8221; width=&#8221;1\/1&#8243; el_position=&#8221;first last&#8221;]<\/p>\n\n<table id=\"tablepress-31\" class=\"tablepress tablepress-id-31\">\n<tbody class=\"row-striping row-hover\">\n<tr class=\"row-1\">\n\t<td class=\"column-1\">Svit<\/td><td class=\"column-2\"><\/td>\n<\/tr>\n<tr class=\"row-2\">\n\t<td class=\"column-1\">Antal rum<\/td><td class=\"column-2\">1<\/td>\n<\/tr>\n<tr class=\"row-3\">\n\t<td class=\"column-1\">S\u00e4ngtyp<\/td><td class=\"column-2\">2 enkels\u00e4ngar<\/td>\n<\/tr>\n<tr class=\"row-4\">\n\t<td class=\"column-1\">Antal s\u00e4ngar<\/td><td class=\"column-2\">4<\/td>\n<\/tr>\n<tr class=\"row-5\">\n\t<td class=\"column-1\">Max antal g\u00e4ster<\/td><td class=\"column-2\">4<\/td>\n<\/tr>\n<tr class=\"row-6\">\n\t<td class=\"column-1\">Max antal vuxna<\/td><td class=\"column-2\">4<\/td>\n<\/tr>\n<tr class=\"row-7\">\n\t<td class=\"column-1\">Max antal barn<\/td><td class=\"column-2\">3<\/td>\n<\/tr>\n<\/tbody>\n<\/table>\n\n<p>V\u00e5ra ljusa och rymliga sviter erbjuder en privat, m\u00f6blerad balkong och utsikt \u00f6ver staden. Sviten \u00e4r 36 m2 och rymmer upp till fyra personer i en kingsize-s\u00e4ng och en bred b\u00e4ddsoffa. Rummen \u00e4r utrustade med vattenkokare, m\u00f6rkl\u00e4ggningsgardiner, uppv\u00e4rmning &amp; portabel fl\u00e4kt, garderob, tr\u00e4golv samt en 43&#8243; Smart-TV. Badrummen \u00e4r kaklade och ut\u00f6ver dusch, gratis toalettartiklar och h\u00e5rf\u00f6n hittar du h\u00e4r \u00e4ven badrock och tofflor. Alla v\u00e5ra rum erbjuder gratis WiFi.<\/p>\n<p>[\/spb_text_block] [spb_button button_text=&#8221;Boka detta rum&#8221; button_size=&#8221;standard&#8221; button_colour=&#8221;accent&#8221; button_type=&#8221;standard&#8221; rounded=&#8221;no&#8221; button_dropshadow=&#8221;yes&#8221; button_link=&#8221;https:\/\/direct-book.com\/properties\/OxelosundHotelDIRECT1&#8243; button_target=&#8221;_blank&#8221; align=&#8221;center&#8221; animation=&#8221;none&#8221; animation_delay=&#8221;0&#8243; width=&#8221;1\/1&#8243; el_position=&#8221;first last&#8221;] [\/spb_column] [spb_column col_animation=&#8221;none&#8221; col_animation_delay=&#8221;0&#8243; col_bg_color=&#8221;#ffffff&#8221; col_bg_type=&#8221;cover&#8221; col_parallax_image_movement=&#8221;fixed&#8221; col_parallax_image_speed=&#8221;0.5&#8243; col_padding=&#8221;0&#8243; col_vertical_offset=&#8221;0&#8243; col_horizontal_offset=&#8221;0&#8243; col_custom_zindex=&#8221;0&#8243; col_sm=&#8221;4&#8243; simplified_controls=&#8221;yes&#8221; custom_css_percentage=&#8221;no&#8221; padding_vertical=&#8221;20&#8243; padding_horizontal=&#8221;20&#8243; margin_vertical=&#8221;0&#8243; custom_css=&#8221;margin-top: 0px;margin-bottom: 0px;padding-top: 20px;padding-left: 20px;padding-right: 20px;padding-bottom: 20px;&#8221; border_styling_global=&#8221;default&#8221; width=&#8221;1\/3&#8243; el_position=&#8221;last&#8221;] [spb_image image=&#8221;16544&#8243; image_size=&#8221;full&#8221; frame=&#8221;noframe&#8221; caption_pos=&#8221;hover&#8221; remove_rounded=&#8221;yes&#8221; fullwidth=&#8221;no&#8221; overflow_mode=&#8221;none&#8221; link_target=&#8221;_self&#8221; lightbox=&#8221;no&#8221; intro_animation=&#8221;none&#8221; animation_delay=&#8221;200&#8243; width=&#8221;1\/1&#8243; el_position=&#8221;first last&#8221;][\/spb_image] [spb_text_block animation=&#8221;none&#8221; animation_delay=&#8221;0&#8243; simplified_controls=&#8221;yes&#8221; custom_css_percentage=&#8221;no&#8221; padding_vertical=&#8221;0&#8243; padding_horizontal=&#8221;0&#8243; margin_vertical=&#8221;0&#8243; custom_css=&#8221;margin-top: 0px;margin-bottom: 0px;&#8221; border_size=&#8221;0&#8243; border_styling_global=&#8221;default&#8221; width=&#8221;1\/1&#8243; el_position=&#8221;first last&#8221;]<\/p>\n\n<table id=\"tablepress-15\" class=\"tablepress tablepress-id-15\">\n<tbody class=\"row-striping row-hover\">\n<tr class=\"row-1\">\n\t<td class=\"column-1\">Suite<\/td><td class=\"column-2\"><\/td>\n<\/tr>\n<tr class=\"row-2\">\n\t<td class=\"column-1\"># of Rooms<\/td><td class=\"column-2\">1<\/td>\n<\/tr>\n<tr class=\"row-3\">\n\t<td class=\"column-1\">Bed Type<\/td><td class=\"column-2\">2 enkels\u00e4ngar<\/td>\n<\/tr>\n<tr class=\"row-4\">\n\t<td class=\"column-1\"># of Beds<\/td><td class=\"column-2\">4<\/td>\n<\/tr>\n<tr class=\"row-5\">\n\t<td class=\"column-1\">Total Occupancy<\/td><td class=\"column-2\">4<\/td>\n<\/tr>\n<tr class=\"row-6\">\n\t<td class=\"column-1\">Adult Occupancy<\/td><td class=\"column-2\">4<\/td>\n<\/tr>\n<tr class=\"row-7\">\n\t<td class=\"column-1\">Children Occupancy<\/td><td class=\"column-2\">3<\/td>\n<\/tr>\n<\/tbody>\n<\/table>\n\n<p>V\u00e5ra ljusa och rymliga sviter har en privat m\u00f6blerad balkong och utsikt \u00f6ver staden. Sviterna \u00e4r 36 m2 stora och rymmer upp till fyra personer i en kingsize-s\u00e4ng och en b\u00e4ddsoffa f\u00f6r tv\u00e5 personer. Rummen \u00e4r utrustade med vattenkokare, m\u00f6rkl\u00e4ggningsgardiner, v\u00e4rme &amp; b\u00e4rbar fl\u00e4kt, garderob, tr\u00e4golv och en 43\u201d Smart-TV. Badrummen \u00e4r kaklade och f\u00f6rutom en dusch, gratis toalettartiklar och en h\u00e5rtork hittar du \u00e4ven badrockar och tofflor i ditt badrum. Alla v\u00e5ra rum erbjuder gratis WiFi.<\/p>\n<p>[\/spb_text_block] [spb_button button_text=&#8221;Boka detta rum&#8221; button_size=&#8221;standard&#8221; button_colour=&#8221;accent&#8221; button_type=&#8221;standard&#8221; rounded=&#8221;no&#8221; button_dropshadow=&#8221;yes&#8221; button_link=&#8221;https:\/\/direct-book.com\/properties\/OxelosundHotelDIRECT1&#8243; button_target=&#8221;_blank&#8221; align=&#8221;center&#8221; animation=&#8221;none&#8221; animation_delay=&#8221;0&#8243; width=&#8221;1\/1&#8243; el_position=&#8221;first last&#8221;] [\/spb_column] [\/spb_row]<\/p>\n","protected":false},"excerpt":{"rendered":"<p>[spb_row element_name=&#8221;Row&#8221; wrap_type=&#8221;content-width&#8221; parallax_image_height=&#8221;content-height&#8221; parallax_image_movement=&#8221;fixed&#8221; parallax_image_speed=&#8221;0.5&#8243; bg_video_loop=&#8221;yes&#8221; parallax_video_height=&#8221;window-height&#8221; parallax_video_overlay=&#8221;none&#8221; row_overlay_opacity=&#8221;0&#8243; row_col_pos=&#8221;default&#8221; minimize_row=&#8221;no&#8221; width=&#8221;1\/1&#8243; el_position=&#8221;first last&#8221;] [spb_column col_animation=&#8221;none&#8221; col_animation_delay=&#8221;0&#8243; col_bg_color=&#8221;#ffffff&#8221; col_bg_type=&#8221;cover&#8221; col_parallax_image_movement=&#8221;fixed&#8221; col_parallax_image_speed=&#8221;0.5&#8243; col_padding=&#8221;0&#8243; col_vertical_offset=&#8221;0&#8243; col_horizontal_offset=&#8221;0&#8243; col_custom_zindex=&#8221;0&#8243; col_sm=&#8221;4&#8243; simplified_controls=&#8221;yes&#8221; custom_css_percentage=&#8221;no&#8221; padding_vertical=&#8221;20&#8243; padding_horizontal=&#8221;20&#8243; margin_vertical=&#8221;0&#8243; custom_css=&#8221;margin-top: 0px;margin-bottom: 0px;padding-top: 20px;padding-left: 20px;padding-right: 20px;padding-bottom: 20px;&#8221; border_styling_global=&#8221;inset&#8221; width=&#8221;1\/3&#8243; el_position=&#8221;first&#8221;] [spb_image image=&#8221;16540&#8243; image_size=&#8221;full&#8221; frame=&#8221;noframe&#8221; caption_pos=&#8221;hover&#8221; remove_rounded=&#8221;yes&#8221; fullwidth=&#8221;no&#8221; overflow_mode=&#8221;none&#8221; link_target=&#8221;_self&#8221; lightbox=&#8221;no&#8221; intro_animation=&#8221;none&#8221; animation_delay=&#8221;200&#8243; width=&#8221;1\/1&#8243; el_position=&#8221;first last&#8221;][\/spb_image] [spb_text_block animation=&#8221;none&#8221; animation_delay=&#8221;0&#8243; [&hellip;]<\/p>\n","protected":false},"author":1,"featured_media":0,"parent":0,"menu_order":0,"comment_status":"closed","ping_status":"closed","template":"","meta":{"footnotes":""},"class_list":["post-16742","page","type-page","status-publish","hentry"],"_links":{"self":[{"href":"https:\/\/hoteloxelosund.se\/sv\/wp-json\/wp\/v2\/pages\/16742","targetHints":{"allow":["GET"]}}],"collection":[{"href":"https:\/\/hoteloxelosund.se\/sv\/wp-json\/wp\/v2\/pages"}],"about":[{"href":"https:\/\/hoteloxelosund.se\/sv\/wp-json\/wp\/v2\/types\/page"}],"author":[{"embeddable":true,"href":"https:\/\/hoteloxelosund.se\/sv\/wp-json\/wp\/v2\/users\/1"}],"replies":[{"embeddable":true,"href":"https:\/\/hoteloxelosund.se\/sv\/wp-json\/wp\/v2\/comments?post=16742"}],"version-history":[{"count":31,"href":"https:\/\/hoteloxelosund.se\/sv\/wp-json\/wp\/v2\/pages\/16742\/revisions"}],"predecessor-version":[{"id":17024,"href":"https:\/\/hoteloxelosund.se\/sv\/wp-json\/wp\/v2\/pages\/16742\/revisions\/17024"}],"wp:attachment":[{"href":"https:\/\/hoteloxelosund.se\/sv\/wp-json\/wp\/v2\/media?parent=16742"}],"curies":[{"name":"wp","href":"https:\/\/api.w.org\/{rel}","templated":true}]}}